{"id":1256,"date":"2020-12-17T15:39:40","date_gmt":"2020-12-17T14:39:40","guid":{"rendered":"http:\/\/wp.scenograf.nu\/?page_id=1256"},"modified":"2020-12-17T15:41:45","modified_gmt":"2020-12-17T14:41:45","slug":"ethnouveau","status":"publish","type":"page","link":"https:\/\/scenograf.nu\/index.php\/ethnouveau\/","title":{"rendered":"Ethnouveau"},"content":{"rendered":"\t\t<div data-elementor-type=\"wp-page\" data-elementor-id=\"1256\" class=\"elementor elementor-1256\">\n\t\t\t\t\t\t<section class=\"elementor-section elementor-top-section elementor-element elementor-element-4afff0f elementor-section-boxed elementor-section-height-default elementor-section-height-default\" data-id=\"4afff0f\" data-element_type=\"section\">\n\t\t\t\t\t\t<div class=\"elementor-container elementor-column-gap-default\">\n\t\t\t\t\t<div class=\"elementor-column elementor-col-100 elementor-top-column elementor-element elementor-element-1c8cea5d\" data-id=\"1c8cea5d\" data-element_type=\"column\">\n\t\t\t<div class=\"elementor-widget-wrap elementor-element-populated\">\n\t\t\t\t\t\t<div class=\"elementor-element elementor-element-16603b2d elementor-widget elementor-widget-image\" data-id=\"16603b2d\" data-element_type=\"widget\" data-widget_type=\"image.default\">\n\t\t\t\t<div class=\"elementor-widget-container\">\n\t\t\t\t\t\t\t\t\t\t\t\t\t<img fetchpriority=\"high\" decoding=\"async\" width=\"860\" height=\"300\" src=\"https:\/\/scenograf.nu\/wp-content\/uploads\/2020\/12\/ethnouveau_rev.jpg\" class=\"attachment-large size-large wp-image-1142\" alt=\"\" srcset=\"https:\/\/scenograf.nu\/wp-content\/uploads\/2020\/12\/ethnouveau_rev.jpg 860w, https:\/\/scenograf.nu\/wp-content\/uploads\/2020\/12\/ethnouveau_rev-300x105.jpg 300w, https:\/\/scenograf.nu\/wp-content\/uploads\/2020\/12\/ethnouveau_rev-768x268.jpg 768w\" sizes=\"(max-width: 860px) 100vw, 860px\" \/>\t\t\t\t\t\t\t\t\t\t\t\t\t<\/div>\n\t\t\t\t<\/div>\n\t\t\t\t\t<\/div>\n\t\t<\/div>\n\t\t\t\t\t<\/div>\n\t\t<\/section>\n\t\t\t\t<section class=\"elementor-section elementor-top-section elementor-element elementor-element-afb9135 elementor-section-boxed elementor-section-height-default elementor-section-height-default\" data-id=\"afb9135\" data-element_type=\"section\">\n\t\t\t\t\t\t<div class=\"elementor-container elementor-column-gap-default\">\n\t\t\t\t\t<div class=\"elementor-column elementor-col-50 elementor-top-column elementor-element elementor-element-2504a53\" data-id=\"2504a53\" data-element_type=\"column\">\n\t\t\t<div class=\"elementor-widget-wrap elementor-element-populated\">\n\t\t\t\t\t\t<div class=\"elementor-element elementor-element-2d8d6425 elementor-widget elementor-widget-text-editor\" data-id=\"2d8d6425\" data-element_type=\"widget\" data-widget_type=\"text-editor.default\">\n\t\t\t\t<div class=\"elementor-widget-container\">\n\t\t\t\t\t\t\t<h3>Ethnouveau<\/h3><p>Dansf\u00f6rest\u00e4llning f\u00e4r 12 dansare. <br \/>Scenografi, ljus: Marta Cicionesi<br \/>Koreografi, kostym: Mats \u00c5kerberg (Hansson)<br \/>Musik: Groupa \/ Taiko trummor<br \/>Best\u00e4llningsarbete: Transparente Blanche <br \/>Ffg. juli1998, Danscenen Neon, Br\u00f6sarp, \u00d6sterlen.<\/p>\t\t\t\t\t\t<\/div>\n\t\t\t\t<\/div>\n\t\t\t\t\t<\/div>\n\t\t<\/div>\n\t\t\t\t<div class=\"elementor-column elementor-col-50 elementor-top-column elementor-element elementor-element-64adc19f\" data-id=\"64adc19f\" data-element_type=\"column\">\n\t\t\t<div class=\"elementor-widget-wrap elementor-element-populated\">\n\t\t\t\t\t\t\t<\/div>\n\t\t<\/div>\n\t\t\t\t\t<\/div>\n\t\t<\/section>\n\t\t\t\t<\/div>\n\t\t","protected":false},"excerpt":{"rendered":"<p>Ethnouveau Dansf\u00f6rest\u00e4llning f\u00e4r 12 dansare. Scenografi, ljus: Marta Cicionesi Koreografi, kostym: Mats \u00c5kerberg (Hansson) Musik: Groupa \/ Taiko trummor Best\u00e4llningsarbete: Transparente Blanche Ffg. juli1998, Danscenen Neon, Br\u00f6sarp, \u00d6sterlen.<\/p>\n","protected":false},"author":1,"featured_media":0,"parent":0,"menu_order":0,"comment_status":"closed","ping_status":"closed","template":"","meta":{"site-sidebar-layout":"no-sidebar","site-content-layout":"boxed-container","ast-site-content-layout":"","site-content-style":"default","site-sidebar-style":"default","ast-global-header-display":"","ast-banner-title-visibility":"","ast-main-header-display":"","ast-hfb-above-header-display":"","ast-hfb-below-header-display":"","ast-hfb-mobile-header-display":"","site-post-title":"","ast-breadcrumbs-content":"","ast-featured-img":"","footer-sml-layout":"","theme-transparent-header-meta":"default","adv-header-id-meta":"","stick-header-meta":"","header-above-stick-meta":"","header-main-stick-meta":"","header-below-stick-meta":"","astra-migrate-meta-layouts":"default","ast-page-background-enabled":"default","ast-page-background-meta":{"desktop":{"background-color":"","background-image":"","background-repeat":"repeat","background-position":"center center","background-size":"auto","background-attachment":"scroll","background-type":"","background-media":"","overlay-type":"","overlay-color":"","overlay-opacity":"","overlay-gradient":""},"tablet":{"background-color":"","background-image":"","background-repeat":"repeat","background-position":"center center","background-size":"auto","background-attachment":"scroll","background-type":"","background-media":"","overlay-type":"","overlay-color":"","overlay-opacity":"","overlay-gradient":""},"mobile":{"background-color":"","background-image":"","background-repeat":"repeat","background-position":"center center","background-size":"auto","background-attachment":"scroll","background-type":"","background-media":"","overlay-type":"","overlay-color":"","overlay-opacity":"","overlay-gradient":""}},"ast-content-background-meta":{"desktop":{"background-color":"var(--ast-global-color-5)","background-image":"","background-repeat":"repeat","background-position":"center center","background-size":"auto","background-attachment":"scroll","background-type":"","background-media":"","overlay-type":"","overlay-color":"","overlay-opacity":"","overlay-gradient":""},"tablet":{"background-color":"var(--ast-global-color-5)","background-image":"","background-repeat":"repeat","background-position":"center center","background-size":"auto","background-attachment":"scroll","background-type":"","background-media":"","overlay-type":"","overlay-color":"","overlay-opacity":"","overlay-gradient":""},"mobile":{"background-color":"var(--ast-global-color-5)","background-image":"","background-repeat":"repeat","background-position":"center center","background-size":"auto","background-attachment":"scroll","background-type":"","background-media":"","overlay-type":"","overlay-color":"","overlay-opacity":"","overlay-gradient":""}},"footnotes":""},"class_list":["post-1256","page","type-page","status-publish","hentry"],"_links":{"self":[{"href":"https:\/\/scenograf.nu\/index.php\/wp-json\/wp\/v2\/pages\/1256","targetHints":{"allow":["GET"]}}],"collection":[{"href":"https:\/\/scenograf.nu\/index.php\/wp-json\/wp\/v2\/pages"}],"about":[{"href":"https:\/\/scenograf.nu\/index.php\/wp-json\/wp\/v2\/types\/page"}],"author":[{"embeddable":true,"href":"https:\/\/scenograf.nu\/index.php\/wp-json\/wp\/v2\/users\/1"}],"replies":[{"embeddable":true,"href":"https:\/\/scenograf.nu\/index.php\/wp-json\/wp\/v2\/comments?post=1256"}],"version-history":[{"count":5,"href":"https:\/\/scenograf.nu\/index.php\/wp-json\/wp\/v2\/pages\/1256\/revisions"}],"predecessor-version":[{"id":1262,"href":"https:\/\/scenograf.nu\/index.php\/wp-json\/wp\/v2\/pages\/1256\/revisions\/1262"}],"wp:attachment":[{"href":"https:\/\/scenograf.nu\/index.php\/wp-json\/wp\/v2\/media?parent=1256"}],"curies":[{"name":"wp","href":"https:\/\/api.w.org\/{rel}","templated":true}]}}