{"id":201,"date":"2016-12-14T17:32:01","date_gmt":"2016-12-14T16:32:01","guid":{"rendered":"http:\/\/wp.scenograf.nu\/?page_id=201"},"modified":"2022-01-24T11:51:04","modified_gmt":"2022-01-24T10:51:04","slug":"home-cv-calender","status":"publish","type":"page","link":"https:\/\/scenograf.nu\/","title":{"rendered":"Hem \/ Home"},"content":{"rendered":"\t\t<div data-elementor-type=\"wp-page\" data-elementor-id=\"201\" class=\"elementor elementor-201\">\n\t\t\t\t\t\t<section class=\"elementor-section elementor-top-section elementor-element elementor-element-45d39077 elementor-section-boxed elementor-section-height-default elementor-section-height-default\" data-id=\"45d39077\" data-element_type=\"section\">\n\t\t\t\t\t\t<div class=\"elementor-container elementor-column-gap-default\">\n\t\t\t\t\t<div class=\"elementor-column elementor-col-100 elementor-top-column elementor-element elementor-element-5b9f38a4\" data-id=\"5b9f38a4\" data-element_type=\"column\">\n\t\t\t<div class=\"elementor-widget-wrap elementor-element-populated\">\n\t\t\t\t\t\t<div class=\"elementor-element elementor-element-596d6bc8 elementor-widget elementor-widget-image\" data-id=\"596d6bc8\" data-element_type=\"widget\" data-widget_type=\"image.default\">\n\t\t\t\t<div class=\"elementor-widget-container\">\n\t\t\t\t\t\t\t\t\t\t\t\t\t<img fetchpriority=\"high\" decoding=\"async\" width=\"1024\" height=\"740\" src=\"https:\/\/scenograf.nu\/wp-content\/uploads\/2020\/12\/martas_vinjett_2020-1024x740.jpg\" class=\"attachment-large size-large wp-image-1606\" alt=\"\" srcset=\"https:\/\/scenograf.nu\/wp-content\/uploads\/2020\/12\/martas_vinjett_2020-1024x740.jpg 1024w, https:\/\/scenograf.nu\/wp-content\/uploads\/2020\/12\/martas_vinjett_2020-300x217.jpg 300w, https:\/\/scenograf.nu\/wp-content\/uploads\/2020\/12\/martas_vinjett_2020-768x555.jpg 768w, https:\/\/scenograf.nu\/wp-content\/uploads\/2020\/12\/martas_vinjett_2020-1536x1110.jpg 1536w, https:\/\/scenograf.nu\/wp-content\/uploads\/2020\/12\/martas_vinjett_2020.jpg 1970w\" sizes=\"(max-width: 1024px) 100vw, 1024px\" \/>\t\t\t\t\t\t\t\t\t\t\t\t\t<\/div>\n\t\t\t\t<\/div>\n\t\t\t\t\t<\/div>\n\t\t<\/div>\n\t\t\t\t\t<\/div>\n\t\t<\/section>\n\t\t\t\t<section class=\"elementor-section elementor-top-section elementor-element elementor-element-784cd29d elementor-section-boxed elementor-section-height-default elementor-section-height-default\" data-id=\"784cd29d\" data-element_type=\"section\">\n\t\t\t\t\t\t<div class=\"elementor-container elementor-column-gap-default\">\n\t\t\t\t\t<div class=\"elementor-column elementor-col-50 elementor-top-column elementor-element elementor-element-1b4d7a25\" data-id=\"1b4d7a25\" data-element_type=\"column\">\n\t\t\t<div class=\"elementor-widget-wrap elementor-element-populated\">\n\t\t\t\t\t\t<div class=\"elementor-element elementor-element-33fe9d9b elementor-widget elementor-widget-text-editor\" data-id=\"33fe9d9b\" data-element_type=\"widget\" data-widget_type=\"text-editor.default\">\n\t\t\t\t<div class=\"elementor-widget-container\">\n\t\t\t\t\t\t\t<h3>Scenograf <img decoding=\"async\" class=\"alignnone  wp-image-1462\" src=\"http:\/\/wp.scenograf.nu\/wp-content\/uploads\/2020\/12\/svensk.jpg\" alt=\"\" width=\"35\" height=\"22\" \/><\/h3><div><p>Marta Cicionesi \u00e4r frilansscenograf inom teater, dans och opera och har medverkat i \u00f6ver 100 produktioner i bl.a. Sverige, Italien, Frankrike, USA, Indien och Finland.<br \/>Martas scenografiprofil best\u00e5r av ett stilgrepp som lyfter f\u00f6rest\u00e4llningarna till konstn\u00e4rliga upplevelser d\u00e4r hennes signum k\u00e4nns igen genom en enkelhet som f\u00f6rst\u00e4rker det dramaturgiska rummet; ett flerdimensionellt bildspr\u00e5k med rika ljuss\u00e4ttningsm\u00f6jligheter; ett f\u00f6r\u00e4nderligt poetiskt och dramatiskt rum d\u00e4r l\u00e4tthet och kontrast v\u00e4xlar i o\u00e4ndliga variationer.<br \/>Marta \u00e4r \u00e4ven aktiv som librettist och filmmanusf\u00f6rfattare.<\/p><p><strong>Marta Cicionesi<\/strong> \u00e4r f\u00f6dd 1963 i Italien.\u00a0<br \/>Uppvuxen i Auroville, Indien, 1968-1980.<br \/>Utbildad vid &#8230;<\/p><\/div>\t\t\t\t\t\t<\/div>\n\t\t\t\t<\/div>\n\t\t\t\t<div class=\"elementor-element elementor-element-de54a5c elementor-widget elementor-widget-toggle\" data-id=\"de54a5c\" data-element_type=\"widget\" data-widget_type=\"toggle.default\">\n\t\t\t\t<div class=\"elementor-widget-container\">\n\t\t\t\t\t<div class=\"elementor-toggle\">\n\t\t\t\t\t\t\t<div class=\"elementor-toggle-item\">\n\t\t\t\t\t<div id=\"elementor-tab-title-2331\" class=\"elementor-tab-title\" data-tab=\"1\" role=\"button\" aria-controls=\"elementor-tab-content-2331\" aria-expanded=\"false\">\n\t\t\t\t\t\t\t\t\t\t\t\t<span class=\"elementor-toggle-icon elementor-toggle-icon-left\" aria-hidden=\"true\">\n\t\t\t\t\t\t\t\t\t\t\t\t\t\t\t<span class=\"elementor-toggle-icon-closed\"><i class=\"fas fa-caret-down\"><\/i><\/span>\n\t\t\t\t\t\t\t\t<span class=\"elementor-toggle-icon-opened\"><i class=\"elementor-toggle-icon-opened fas fa-caret-up\"><\/i><\/span>\n\t\t\t\t\t\t\t\t\t\t\t\t\t<\/span>\n\t\t\t\t\t\t\t\t\t\t\t\t<a class=\"elementor-toggle-title\" tabindex=\"0\">L\u00e4s mer<\/a>\n\t\t\t\t\t<\/div>\n\n\t\t\t\t\t<div id=\"elementor-tab-content-2331\" class=\"elementor-tab-content elementor-clearfix\" data-tab=\"1\" role=\"region\" aria-labelledby=\"elementor-tab-title-2331\"><p>&nbsp;Istituto Statale d\u00b4Arte di Firenze, Florens, Italien, \u00e5ren 1981-1985.<br>Verksam i Sverige sedan 1985.<br>Medlem i Svenska Teaterf\u00f6rbundet sedan 1990.<br>Har beviljats st\u00f6d f\u00f6r Rekognoscering 1997 och Filmmanusutveckling 2001 av Svenska Film Institutet.<br>Har tilldelats Skillinge Teaterns Kulturstipendium 2005.<br>Har tilldelats Konstn\u00e4rsn\u00e4mndens Arbetsstipendium 1992, 2003, 2009 och 2012.<br>Har tilldelats Konstn\u00e4rsn\u00e4mndens bidrag f\u00f6r Internationella Kulturutbyte f\u00f6r vistelser i Frankrike och Finland 2010, 2012, 2015 och 2016 .<\/p>\n<p><strong>Teatrar som har anlitat Marta Cicionesi i Sverige:<\/strong><br><em>Skillinge Teater, Teater Sagohuset, Kollaborativet, Nya R\u00f6relsen Koreagrafer i Sk\u00e5ne, Riksteatern Norsborg, Transmission Reasearch Sweden, Sk\u00e5nska Landskap\/ Upplevelsepedagogiskt centrum, Playmate Theatre, Malm\u00f6 Opera, Milvus Artistic Research Center MARC, Modern Art Teatergrupp, Teater Barb\u00e8s, Teater Halland, Thales Teater, Teteater, Kollaborativet, Studio Acusticum, Connect New Music Festival\/ Musik i Syd, Fytimi Productions, Zin-Lit New Stage Circus, Sk\u00e5nska Operan, Fria Teatern, Dr\u00f6mmarnas Hus, Theatron, Kalejdoskop, Teater Spektrum, Quetzal Productions, Mooms Teater, Teater H\u00f6gskolan Stockholm, Teater H\u00f6gskolan Malm\u00f6, Norrdans, Musik H\u00f6gskolan Malm\u00f6, Definitiv Dans, Neon Gallery, Tj\u00f6rnedala Konsthall, Commedie Compagniet, Pantomimteater, Musik i Dalarna\/ Stockholms Stadsteater, Distingo Scenproduktion, Himlabacken, Mellby Scenkonst, Kronobergs Teater, Marylins \u00c4nglar, Ystads Gruppen, Dans Tagen, Transparente Blanche Dans.<\/em><\/p>\n<p><strong>Teatrar som har anlitat Marta utomlands:<\/strong><br><em>Collectif Masque (FR), Th\u00e9atre de l \u0301Essaion, Paris (FR), Th\u00e9atre de l \u0301Essaion, Avignon (FR), Th\u00e9atre du Nord\/Theatre de L \u0301ideal, Lille (FR), Studio Theatre de Chareton (FR), Theatre de Beleville, Paris, (FR), Th\u00e9atre du Petit Saint Martin, Paris (FR), Theatre Centre Mandapa, Paris (FR), Theatre Le Hublot (FR), Bricklayers Theater Chicago (USA), Les Contes du Turpial(FR), Osiris Teatteri (FI), Matrimandir Amphitheater 50th Anniversary Celebration(IN), Odisha Biennale (IN), MOPA (IN) , Auroville Theatre Group (IN), Polygon Theatre (EE), Auroville Dance Company (IN), Arangart Dance Company (IN), Abhaya Dance Company (DK\/ IN) Alef Danzaateatro (IT), Sources 2 (DE \/ IT).<\/em><\/p><\/div>\n\t\t\t\t<\/div>\n\t\t\t\t\t\t\t\t<\/div>\n\t\t\t\t<\/div>\n\t\t\t\t<\/div>\n\t\t\t\t\t<\/div>\n\t\t<\/div>\n\t\t\t\t<div class=\"elementor-column elementor-col-50 elementor-top-column elementor-element elementor-element-89e08cc\" data-id=\"89e08cc\" data-element_type=\"column\">\n\t\t\t<div class=\"elementor-widget-wrap elementor-element-populated\">\n\t\t\t\t\t\t<div class=\"elementor-element elementor-element-2403bcfe elementor-widget elementor-widget-text-editor\" data-id=\"2403bcfe\" data-element_type=\"widget\" data-widget_type=\"text-editor.default\">\n\t\t\t\t<div class=\"elementor-widget-container\">\n\t\t\t\t\t\t\t<h3>Set designer <img decoding=\"async\" class=\"alignnone  wp-image-1463\" src=\"http:\/\/wp.scenograf.nu\/wp-content\/uploads\/2020\/12\/engelsk.jpg\" alt=\"\" width=\"42\" height=\"21\" \/><\/h3><p>Marta Cicionesi is a free lance set designer for theatre, dance and opera and has realized more than 100 productions in Sweden, Italy, France, India, Finland and USA.<br \/>Marta has specialized in creating sets of great pictorial suggestion, often through painted backdrops designed for particular light effects and projections \u2013 achieving images and spaces with a rich<br \/>atmospheric spectrum. Her set design consists of a personal style that gives stage performances their artistic expression. Her creations always grow out of a tight collaboration with light designers and directors.<br \/>As well as designing, Marta Cicionesi constructs and paints her sets herself at her studio in southern Sweden. Marta is also an active librettist and film script writer.<\/p><p><strong>Marta Cicionesi<\/strong> is born in Italy in1963.<br \/>Grew up in the international township of Auroville, India 1968-1980.<br \/>Graduated at &#8230;<\/p>\t\t\t\t\t\t<\/div>\n\t\t\t\t<\/div>\n\t\t\t\t<div class=\"elementor-element elementor-element-eaaa066 elementor-widget elementor-widget-toggle\" data-id=\"eaaa066\" data-element_type=\"widget\" data-widget_type=\"toggle.default\">\n\t\t\t\t<div class=\"elementor-widget-container\">\n\t\t\t\t\t<div class=\"elementor-toggle\">\n\t\t\t\t\t\t\t<div class=\"elementor-toggle-item\">\n\t\t\t\t\t<div id=\"elementor-tab-title-2461\" class=\"elementor-tab-title\" data-tab=\"1\" role=\"button\" aria-controls=\"elementor-tab-content-2461\" aria-expanded=\"false\">\n\t\t\t\t\t\t\t\t\t\t\t\t<span class=\"elementor-toggle-icon elementor-toggle-icon-left\" aria-hidden=\"true\">\n\t\t\t\t\t\t\t\t\t\t\t\t\t\t\t<span class=\"elementor-toggle-icon-closed\"><i class=\"fas fa-caret-right\"><\/i><\/span>\n\t\t\t\t\t\t\t\t<span class=\"elementor-toggle-icon-opened\"><i class=\"elementor-toggle-icon-opened fas fa-caret-up\"><\/i><\/span>\n\t\t\t\t\t\t\t\t\t\t\t\t\t<\/span>\n\t\t\t\t\t\t\t\t\t\t\t\t<a class=\"elementor-toggle-title\" tabindex=\"0\">Read more<\/a>\n\t\t\t\t\t<\/div>\n\n\t\t\t\t\t<div id=\"elementor-tab-content-2461\" class=\"elementor-tab-content elementor-clearfix\" data-tab=\"1\" role=\"region\" aria-labelledby=\"elementor-tab-title-2461\"><p>the State Art Institute of Florence, Italy \/ Istituto Statale d \u0301Arte di Firenze, in 1985.<br \/>Member of the Swedish Theatre Guild \/Teaterf\u00f6rbundet\/ since 1990.<br \/>Received Artist Grants\/Stipends from the Swedish Artists Council\/ Konstn\u00e4rsn\u00e4mnden in 1992, 2003, 2009 and 2012.<br \/>Received International Cultural Exchange grants\/Stipends in 2010, 2012 and 2015 for artistic residencies in France (with Collectif Masque in Paris 2010, 2015), Finland (with Osiris Teatteri in Helsinki 2012) and India (with MOPA Odisha Biennale in Bhubaneswar 2015) from the Swedish Artists Council\/ Konstn\u00e4rsn\u00e4mnden.<br \/>Received grants for Location scouting in Basilicata, Italy, and screenplay development with Sources 2 from the Swedish Film Institute in 1997 and 2001 for her own feature film script Land of Memory.<br \/>Received The Skillinge Theatre Culture Prize Sweden in 2005 for her long term collaboration and set design. Productions with Marta&#8217;s sets such as \u201cTime is our Home\u201d and director director Henrik Holmberg were granted Thalia Priset Sverige ; \u201cDissection of a snow fall\u201d was granted Le Prix de professionalisation du Festival Avigno Off; \u201cThe seagull\u201d was nominated for Thalia Priset Sverige 2014.<\/p><p><strong>Swedish Collaborators:<\/strong> <br \/><em>Skillinge Teater, Teater Sagohuset, Nya R\u00f6relse koreografer i Sk\u00e5ne, Riksteatern Norsborg, Transmission Research Sweden, Sk\u00e5nska Landskap\/ Upplevelsepedagogisktcentrum, Playmate Theatre, Malm\u00f6 Opera, Milvus Artistic Research Center MARC, Modern Art Teatergrupp, Teater Barb\u00e8s, Teater Halland, Thales Teater, Teteater, Kollaborativet, Studio Acusticum, Connect New Music Festival\/ Musik i Syd, Fytimi Productions, Zin-Lit New Stage Circus, Sk\u00e5nska Operan, Fria Teatern, Dr\u00f6mmarnas Hus, Theatron, Kalejdoskop, Teater Spektrum, Quetzal Productions, Mooms Teater, Teater H\u00f6gskolan Stockholm, Teater H\u00f6gskolan Malm\u00f6, Norrdans, Musik H\u00f6gskolan Malm\u00f6, Definitiv Dans, Neon Gallery, Tj\u00f6rnedala Konsthall, Commedie Compagniet, Pantomimteater, Musik i Dalarna\/ Stockholms Stadsteater, Distingo Scenproduktion, Himlabacken, Mellby Scenkonst, Kronobergs Teater, Marylins \u00c4nglar, Ystads Gruppen, Dans Tagen, Transparente Blanche Dans.<\/em><\/p><p><strong>International collaborators:<\/strong> <br \/><em>Collectif Masque (FR), Th\u00e9atre de l\u00b4Essaion, Paris (FR), Th\u00e9atre de l\u00b4Essaion, Avignon (FR), Th\u00e9atre du Nord\/Theatre de L\u00b4ideal, Lille (FR), Studio Theatre de Chareton (FR), Theatre de Beleville, Paris, (FR), Th\u00e9atre du Petit Saint Martin, Paris (FR), Theatre Centre Mandapa, Paris (FR), Theatre Le Hublot (FR), Bricklayers Theater Chicago (USA), Les Contes du Turpial(FR), Osiris Teatteri (FI), Matrimandir Amphitheater 50th Anniversary Celebration(IN), Odisha Biennale (IN), MOPA (IN) , Auroville Theatre Group (IN), Polygon Theatre (EE), Auroville Dance Company (IN), Arangart Dance Company (IN), Abhaya Dance Company (DK\/ IN) Alef Danzaateatro (IT), Sources 2 (DE \/ IT).<\/em><\/p><\/div>\n\t\t\t\t<\/div>\n\t\t\t\t\t\t\t\t<\/div>\n\t\t\t\t<\/div>\n\t\t\t\t<\/div>\n\t\t\t\t\t<\/div>\n\t\t<\/div>\n\t\t\t\t\t<\/div>\n\t\t<\/section>\n\t\t\t\t<section class=\"elementor-section elementor-top-section elementor-element elementor-element-6ccb4b1f elementor-section-boxed elementor-section-height-default elementor-section-height-default\" data-id=\"6ccb4b1f\" data-element_type=\"section\">\n\t\t\t\t\t\t<div class=\"elementor-container elementor-column-gap-default\">\n\t\t\t\t\t<div class=\"elementor-column elementor-col-100 elementor-top-column elementor-element elementor-element-6de4f595\" data-id=\"6de4f595\" data-element_type=\"column\">\n\t\t\t<div class=\"elementor-widget-wrap elementor-element-populated\">\n\t\t\t\t\t\t<div class=\"elementor-element elementor-element-a8248ed elementor-widget elementor-widget-image\" data-id=\"a8248ed\" data-element_type=\"widget\" data-widget_type=\"image.default\">\n\t\t\t\t<div class=\"elementor-widget-container\">\n\t\t\t\t\t\t\t\t\t\t\t\t\t<img loading=\"lazy\" decoding=\"async\" width=\"697\" height=\"296\" src=\"https:\/\/scenograf.nu\/wp-content\/uploads\/2016\/12\/home1.jpg\" class=\"attachment-large size-large wp-image-462\" alt=\"\" srcset=\"https:\/\/scenograf.nu\/wp-content\/uploads\/2016\/12\/home1.jpg 697w, https:\/\/scenograf.nu\/wp-content\/uploads\/2016\/12\/home1-300x127.jpg 300w, https:\/\/scenograf.nu\/wp-content\/uploads\/2016\/12\/home1-640x272.jpg 640w, https:\/\/scenograf.nu\/wp-content\/uploads\/2016\/12\/home1-48x20.jpg 48w\" sizes=\"(max-width: 697px) 100vw, 697px\" \/>\t\t\t\t\t\t\t\t\t\t\t\t\t<\/div>\n\t\t\t\t<\/div>\n\t\t\t\t<div class=\"elementor-element elementor-element-640961f elementor-widget elementor-widget-text-editor\" data-id=\"640961f\" data-element_type=\"widget\" data-widget_type=\"text-editor.default\">\n\t\t\t\t<div class=\"elementor-widget-container\">\n\t\t\t\t\t\t\t<p>Adress: G\u00e5rdarnas v\u00e4g 11, SE-277 37 KIVIK, Sweden <br \/>E-post: <a href=\"mailto:martacicionesiscenogra.nu@gmail.com\">martacicionesiscenogra.nu@gmail.com<\/a><br \/>Telefon: +46-(0)73 9807652, +46 (0)414 74018.<\/p>\t\t\t\t\t\t<\/div>\n\t\t\t\t<\/div>\n\t\t\t\t\t<\/div>\n\t\t<\/div>\n\t\t\t\t\t<\/div>\n\t\t<\/section>\n\t\t\t\t<\/div>\n\t\t","protected":false},"excerpt":{"rendered":"<p>Scenograf Marta Cicionesi \u00e4r frilansscenograf inom teater, dans och opera och har medverkat i \u00f6ver 100 produktioner i bl.a. Sverige, Italien, Frankrike, USA, Indien och Finland.Martas scenografiprofil best\u00e5r av ett stilgrepp som lyfter f\u00f6rest\u00e4llningarna till konstn\u00e4rliga upplevelser d\u00e4r hennes signum k\u00e4nns igen genom en enkelhet som f\u00f6rst\u00e4rker det dramaturgiska rummet; ett flerdimensionellt bildspr\u00e5k med rika [&hellip;]<\/p>\n","protected":false},"author":1,"featured_media":0,"parent":0,"menu_order":0,"comment_status":"closed","ping_status":"closed","template":"","meta":{"site-sidebar-layout":"default","site-content-layout":"boxed-container","ast-site-content-layout":"","site-content-style":"default","site-sidebar-style":"default","ast-global-header-display":"","ast-banner-title-visibility":"","ast-main-header-display":"","ast-hfb-above-header-display":"","ast-hfb-below-header-display":"","ast-hfb-mobile-header-display":"","site-post-title":"disabled","ast-breadcrumbs-content":"","ast-featured-img":"","footer-sml-layout":"","theme-transparent-header-meta":"default","adv-header-id-meta":"","stick-header-meta":"","header-above-stick-meta":"","header-main-stick-meta":"","header-below-stick-meta":"","astra-migrate-meta-layouts":"default","ast-page-background-enabled":"default","ast-page-background-meta":{"desktop":{"background-color":"","background-image":"","background-repeat":"repeat","background-position":"center center","background-size":"auto","background-attachment":"scroll","background-type":"","background-media":"","overlay-type":"","overlay-color":"","overlay-opacity":"","overlay-gradient":""},"tablet":{"background-color":"","background-image":"","background-repeat":"repeat","background-position":"center center","background-size":"auto","background-attachment":"scroll","background-type":"","background-media":"","overlay-type":"","overlay-color":"","overlay-opacity":"","overlay-gradient":""},"mobile":{"background-color":"","background-image":"","background-repeat":"repeat","background-position":"center center","background-size":"auto","background-attachment":"scroll","background-type":"","background-media":"","overlay-type":"","overlay-color":"","overlay-opacity":"","overlay-gradient":""}},"ast-content-background-meta":{"desktop":{"background-color":"var(--ast-global-color-5)","background-image":"","background-repeat":"repeat","background-position":"center center","background-size":"auto","background-attachment":"scroll","background-type":"","background-media":"","overlay-type":"","overlay-color":"","overlay-opacity":"","overlay-gradient":""},"tablet":{"background-color":"var(--ast-global-color-5)","background-image":"","background-repeat":"repeat","background-position":"center center","background-size":"auto","background-attachment":"scroll","background-type":"","background-media":"","overlay-type":"","overlay-color":"","overlay-opacity":"","overlay-gradient":""},"mobile":{"background-color":"var(--ast-global-color-5)","background-image":"","background-repeat":"repeat","background-position":"center center","background-size":"auto","background-attachment":"scroll","background-type":"","background-media":"","overlay-type":"","overlay-color":"","overlay-opacity":"","overlay-gradient":""}},"footnotes":""},"class_list":["post-201","page","type-page","status-publish","hentry"],"_links":{"self":[{"href":"https:\/\/scenograf.nu\/index.php\/wp-json\/wp\/v2\/pages\/201","targetHints":{"allow":["GET"]}}],"collection":[{"href":"https:\/\/scenograf.nu\/index.php\/wp-json\/wp\/v2\/pages"}],"about":[{"href":"https:\/\/scenograf.nu\/index.php\/wp-json\/wp\/v2\/types\/page"}],"author":[{"embeddable":true,"href":"https:\/\/scenograf.nu\/index.php\/wp-json\/wp\/v2\/users\/1"}],"replies":[{"embeddable":true,"href":"https:\/\/scenograf.nu\/index.php\/wp-json\/wp\/v2\/comments?post=201"}],"version-history":[{"count":136,"href":"https:\/\/scenograf.nu\/index.php\/wp-json\/wp\/v2\/pages\/201\/revisions"}],"predecessor-version":[{"id":1823,"href":"https:\/\/scenograf.nu\/index.php\/wp-json\/wp\/v2\/pages\/201\/revisions\/1823"}],"wp:attachment":[{"href":"https:\/\/scenograf.nu\/index.php\/wp-json\/wp\/v2\/media?parent=201"}],"curies":[{"name":"wp","href":"https:\/\/api.w.org\/{rel}","templated":true}]}}